{"id":223522,"date":"2023-10-14T14:22:04","date_gmt":"2023-10-14T14:22:04","guid":{"rendered":"https:\/\/nubemaestra.com\/?page_id=223522"},"modified":"2024-05-05T11:04:29","modified_gmt":"2024-05-05T11:04:29","slug":"blog-nubemaestra","status":"publish","type":"page","link":"https:\/\/nubemaestra.com\/fr\/blog-nubemaestra\/","title":{"rendered":"Blog NubeMaestra"},"content":{"rendered":"<p>[et_pb_section fb_built=\u00bb1&#8243; make_equal=\u00bbon\u00bb use_custom_gutter=\u00bbon\u00bb gutter_width=\u00bb1&#8243; specialty=\u00bbon\u00bb _builder_version=\u00bb4.23&#8243; _module_preset=\u00bbdefault\u00bb width=\u00bb100%\u00bb max_width=\u00bb100%\u00bb inner_width=\u00bb100%\u00bb inner_max_width=\u00bb100%\u00bb custom_padding=\u00bb3rem|2.5rem|0px|2.5rem|false|true\u00bb global_colors_info=\u00bb{}\u00bb locked=\u00bboff\u00bb][et_pb_column type=\u00bb1_2&#8243; _builder_version=\u00bb4.16&#8243; custom_padding=\u00bb|||\u00bb global_colors_info=\u00bb{}\u00bb custom_padding__hover=\u00bb|||\u00bb][et_pb_image src=\u00bbhttps:\/\/ewebotwp.com\/wp-content\/uploads\/2021\/01\/smiling_girl.jpg\u00bb _builder_version=\u00bb4.23&#8243; _module_preset=\u00bbdefault\u00bb background_image=\u00bbhttps:\/\/ewebotwp.com\/wp-content\/uploads\/2021\/01\/smiling_girl.jpg\u00bb locked=\u00bboff\u00bb global_colors_info=\u00bb{}\u00bb][\/et_pb_image][\/et_pb_column][et_pb_column type=\u00bb1_2&#8243; specialty_columns=\u00bb2&#8243; _builder_version=\u00bb4.16&#8243; custom_padding=\u00bb|||\u00bb global_colors_info=\u00bb{}\u00bb custom_padding__hover=\u00bb|||\u00bb][et_pb_row_inner _builder_version=\u00bb4.23&#8243; _module_preset=\u00bbdefault\u00bb width=\u00bb63%\u00bb max_width=\u00bb63%\u00bb custom_padding=\u00bb10px|0px|10px|0px|true|true\u00bb global_colors_info=\u00bb{}\u00bb][et_pb_column_inner saved_specialty_column_type=\u00bb1_2&#8243; _builder_version=\u00bb4.23&#8243; _module_preset=\u00bbdefault\u00bb use_background_color_gradient=\u00bbon\u00bb background_color_gradient_direction=\u00bb90deg\u00bb background_color_gradient_stops=\u00bb#ff4969 0%|#fc9d44 80%|rgba(252, 157, 68, 1) 80%\u00bb global_colors_info=\u00bb{}\u00bb][et_pb_divider show_divider=\u00bboff\u00bb _builder_version=\u00bb4.23&#8243; _module_preset=\u00bbdefault\u00bb background_color=\u00bb#FFFFFF\u00bb min_height=\u00bb7rem\u00bb locked=\u00bboff\u00bb global_colors_info=\u00bb{}\u00bb][\/et_pb_divider][et_pb_text _builder_version=\u00bb4.23&#8243; _module_preset=\u00bbdefault\u00bb header_font=\u00bbMontserrat|800|||||||\u00bb header_font_size=\u00bb76px\u00bb background_color=\u00bb#FFFFFF\u00bb custom_padding=\u00bb10px|10px|10px|10px|true|true\u00bb mix_blend_mode=\u00bblighten\u00bb global_colors_info=\u00bb{}\u00bb]<\/p>\n<h1>Blog<\/h1>\n<h1>Marketing<\/h1>\n<h1>Digital<\/h1>\n<p>[\/et_pb_text][\/et_pb_column_inner][\/et_pb_row_inner][et_pb_row_inner _builder_version=\u00bb4.23&#8243; _module_preset=\u00bbdefault\u00bb width=\u00bb63%\u00bb max_width=\u00bb63%\u00bb custom_padding=\u00bb10px|10px|10px|10px|true|true\u00bb global_colors_info=\u00bb{}\u00bb][et_pb_column_inner saved_specialty_column_type=\u00bb1_2&#8243; _builder_version=\u00bb4.23&#8243; _module_preset=\u00bbdefault\u00bb global_colors_info=\u00bb{}\u00bb][et_pb_text _builder_version=\u00bb4.23&#8243; _module_preset=\u00bbdefault\u00bb text_font=\u00bb|600|||||||\u00bb text_text_color=\u00bb#696687&#8243; text_font_size=\u00bb18px\u00bb global_colors_info=\u00bb{}\u00bb]<\/p>\n<div class=\"elementor-element elementor-element-b1b55b5 elementor-widget elementor-widget-text-editor\" data-id=\"b1b55b5\" data-element_type=\"widget\" data-widget_type=\"text-editor.default\">\n<div class=\"elementor-widget-container\">\n<p>Explora las \u00faltimas tendencias y descubre estrategias clave para impulsar tu \u00e9xito digital.<\/p>\n<\/div>\n<\/div>\n<div class=\"elementor-element elementor-element-da8fd1c dark_style elementor-widget elementor-widget-shortcode\" data-id=\"da8fd1c\" data-element_type=\"widget\" data-widget_type=\"shortcode.default\">\n<div class=\"elementor-widget-container\">\n<div class=\"elementor-shortcode\">\n<div class=\"wpcf7 js\" id=\"wpcf7-f1133-p6782-o1\" lang=\"en-US\" dir=\"ltr\"><\/div>\n<\/div>\n<\/div>\n<\/div>\n<p>[\/et_pb_text][et_pb_button button_text=\u00bbDescubre M\u00e1s\u00bb _builder_version=\u00bb4.23&#8243; _module_preset=\u00bbdefault\u00bb custom_button=\u00bbon\u00bb button_text_size=\u00bb12px\u00bb button_text_color=\u00bb#FFFFFF\u00bb button_bg_use_color_gradient=\u00bbon\u00bb button_bg_color_gradient_direction=\u00bb90deg\u00bb button_bg_color_gradient_stops=\u00bb#6254e7 0%|#9289f1 100%\u00bb button_border_radius=\u00bb5px\u00bb button_font=\u00bbRubik|600||on|||||\u00bb button_use_icon=\u00bboff\u00bb custom_margin=\u00bb3rem||||false|false\u00bb custom_padding=\u00bb15px|25px|15px|25px|true|true\u00bb locked=\u00bboff\u00bb global_colors_info=\u00bb{}\u00bb button_bg_color__hover_enabled=\u00bbon|desktop\u00bb button_bg_color_gradient_stops__hover=\u00bb#9289f1 0%|#6254e7 100%\u00bb button_bg_use_color_gradient__hover=\u00bbon\u00bb][\/et_pb_button][\/et_pb_column_inner][\/et_pb_row_inner][\/et_pb_column][\/et_pb_section][et_pb_section fb_built=\u00bb1&#8243; _builder_version=\u00bb4.22.2&#8243; _module_preset=\u00bbdefault\u00bb global_colors_info=\u00bb{}\u00bb][et_pb_row _builder_version=\u00bb4.20.0&#8243; _module_preset=\u00bbdefault\u00bb locked=\u00bboff\u00bb global_colors_info=\u00bb{}\u00bb][et_pb_column type=\u00bb4_4&#8243; _builder_version=\u00bb4.20.0&#8243; _module_preset=\u00bbdefault\u00bb global_colors_info=\u00bb{}\u00bb][et_pb_blog posts_number=\u00bb9&#8243; excerpt_length=\u00bb100&#8243; show_more=\u00bbon\u00bb show_author=\u00bbon\u00bb _builder_version=\u00bb4.22.2&#8243; _module_preset=\u00bb0a5d3d9c-0b36-48df-b0c2-75402d7c108c\u00bb header_font=\u00bbRoboto|700|||||||\u00bb body_font=\u00bbRoboto|300|||||||\u00bb body_line_height=\u00bb1.8em\u00bb meta_font=\u00bbRoboto|600|||||||\u00bb read_more_font=\u00bbRoboto|700|||on|||RGBA(255,255,255,0)|solid\u00bb read_more_text_color=\u00bb#0C71C3&#8243; custom_padding=\u00bb||||false|false\u00bb border_radii=\u00bbon|30px|30px|30px|30px\u00bb border_width_all=\u00bb1px\u00bb locked=\u00bboff\u00bb global_colors_info=\u00bb{%22gcid-86031d5b-0170-405c-b57e-166734aa8a67%22:%91%22pagination_text_color%22,%22pagination_text_color%22,%22pagination_text_color%22%93}\u00bb][\/et_pb_blog][\/et_pb_column][\/et_pb_row][\/et_pb_section][et_pb_section fb_built=\u00bb1&#8243; custom_padding_last_edited=\u00bbon|desktop\u00bb prev_background_color=\u00bb#ffffff\u00bb admin_label=\u00bbCall to action\u00bb module_id=\u00bbform\u00bb _builder_version=\u00bb4.22.2&#8243; background_color=\u00bb#1a2b5c\u00bb background_enable_image=\u00bboff\u00bb parallax=\u00bbon\u00bb custom_padding=\u00bb9vw||0px||false|false\u00bb custom_padding_tablet=\u00bb100px||100px||true\u00bb custom_padding_phone=\u00bb||||true\u00bb top_divider_style=\u00bbramp2&#8243; top_divider_height=\u00bb250px\u00bb top_divider_flip=\u00bbvertical\u00bb top_divider_height_tablet=\u00bb150px\u00bb top_divider_height_phone=\u00bb110px\u00bb top_divider_height_last_edited=\u00bbon|phone\u00bb saved_tabs=\u00bball\u00bb locked=\u00bboff\u00bb global_colors_info=\u00bb{}\u00bb][et_pb_row module_id=\u00bbform\u00bb module_class=\u00bb et_pb_row_fullwidth\u00bb _builder_version=\u00bb4.22.2&#8243; width=\u00bb89%\u00bb width_tablet=\u00bb80%\u00bb width_phone=\u00bb80%\u00bb width_last_edited=\u00bbon|desktop\u00bb max_width=\u00bb89%\u00bb max_width_tablet=\u00bb80%\u00bb max_width_phone=\u00bb80%\u00bb max_width_last_edited=\u00bbon|desktop\u00bb custom_margin_phone=\u00bb|||\u00bb custom_margin_last_edited=\u00bboff|desktop\u00bb custom_padding=\u00bb|||\u00bb make_fullwidth=\u00bbon\u00bb global_colors_info=\u00bb{}\u00bb][et_pb_column type=\u00bb4_4&#8243; _builder_version=\u00bb4.16&#8243; custom_padding=\u00bb|||\u00bb global_colors_info=\u00bb{}\u00bb custom_padding__hover=\u00bb|||\u00bb][et_pb_text _builder_version=\u00bb4.22.2&#8243; text_font=\u00bb||||||||\u00bb header_font=\u00bb||||||||\u00bb header_2_font=\u00bbRoboto|700|||||||\u00bb header_2_font_size=\u00bb50px\u00bb header_2_line_height=\u00bb1.4em\u00bb header_3_font=\u00bbRoboto|700||on|||||\u00bb header_3_text_align=\u00bbcenter\u00bb header_3_text_color=\u00bb#ffffff\u00bb header_3_font_size=\u00bb24px\u00bb header_3_letter_spacing=\u00bb5px\u00bb header_3_line_height=\u00bb2em\u00bb text_orientation=\u00bbcenter\u00bb background_layout=\u00bbdark\u00bb max_width=\u00bb850px\u00bb module_alignment=\u00bbcenter\u00bb custom_margin=\u00bb|||\u00bb custom_padding=\u00bb|||\u00bb text_font_size_last_edited=\u00bboff|desktop\u00bb header_2_font_size_tablet=\u00bb40px\u00bb header_2_font_size_phone=\u00bb32px\u00bb header_2_font_size_last_edited=\u00bbon|desktop\u00bb header_3_font_size_tablet=\u00bb16px\u00bb header_3_font_size_phone=\u00bb14px\u00bb header_3_font_size_last_edited=\u00bbon|phone\u00bb global_colors_info=\u00bb{}\u00bb]<\/p>\n<h3>No dudes en contactarnos<\/h3>\n<h2><span>Tu \u00e9xito es nuestra misi\u00f3n. \u00a1Hablemos de tus objetivos!<\/span><\/h2>\n<p>[\/et_pb_text][et_pb_contact_form email=\u00bbthibaud@nubemaestra.com\u00bb custom_message=\u00bbNuevo lead NubeMaestra:||et_pb_line_break_holder||||et_pb_line_break_holder||%%Name%%||et_pb_line_break_holder||||et_pb_line_break_holder||%%Email%%||et_pb_line_break_holder||||et_pb_line_break_holder||%%Phone%%||et_pb_line_break_holder||||et_pb_line_break_holder||%%Company%%||et_pb_line_break_holder||||et_pb_line_break_holder||%%Message%%||et_pb_line_break_holder||\u00bb success_message=\u00bbTu mensaje se envi\u00f3 con ex\u00edto, te contactaremos en las proximas 12h\u00bb submit_button_text=\u00bbEnviar\u00bb _builder_version=\u00bb4.22.2&#8243; _module_preset=\u00bbdefault\u00bb _unique_id=\u00bbe4c953c9-3709-4f83-9683-53f399028d5b\u00bb form_field_focus_text_color=\u00bb#000000&#8243; captcha_font=\u00bbRoboto||||||||\u00bb captcha_text_color=\u00bb#FFFFFF\u00bb captcha_font_size=\u00bb1.3rem\u00bb form_field_font=\u00bbRoboto||||||||\u00bb custom_button=\u00bbon\u00bb button_text_size=\u00bb14px\u00bb button_text_color=\u00bb#FFFFFF\u00bb button_bg_color=\u00bb#4caf50&#8243; button_border_width=\u00bb0px\u00bb button_border_radius=\u00bb4px\u00bb button_letter_spacing=\u00bb5px\u00bb button_font=\u00bbRoboto|700||on|||||\u00bb button_use_icon=\u00bboff\u00bb button_custom_padding=\u00bb0px|2rem|0px|2rem|true|true\u00bb custom_padding=\u00bb|10rem||10rem|false|true\u00bb custom_padding_tablet=\u00bb|2rem||2rem|false|true\u00bb custom_padding_phone=\u00bb|1rem||1rem|false|true\u00bb custom_padding_last_edited=\u00bbon|phone\u00bb global_colors_info=\u00bb{}\u00bb button_bg_color__hover_enabled=\u00bbon|hover\u00bb button_bg_color__hover=\u00bb#ff5722&#8243; button_bg_enable_color__hover=\u00bbon\u00bb][et_pb_contact_field field_id=\u00bbName\u00bb field_title=\u00bbNombre completo\u00bb _builder_version=\u00bb4.22.1&#8243; global_colors_info=\u00bb{}\u00bb button_text_size__hover_enabled=\u00bboff\u00bb button_one_text_size__hover_enabled=\u00bboff\u00bb button_two_text_size__hover_enabled=\u00bboff\u00bb button_text_color__hover_enabled=\u00bboff\u00bb button_one_text_color__hover_enabled=\u00bboff\u00bb button_two_text_color__hover_enabled=\u00bboff\u00bb button_border_width__hover_enabled=\u00bboff\u00bb button_one_border_width__hover_enabled=\u00bboff\u00bb button_two_border_width__hover_enabled=\u00bboff\u00bb button_border_color__hover_enabled=\u00bboff\u00bb button_one_border_color__hover_enabled=\u00bboff\u00bb button_two_border_color__hover_enabled=\u00bboff\u00bb button_border_radius__hover_enabled=\u00bboff\u00bb button_one_border_radius__hover_enabled=\u00bboff\u00bb button_two_border_radius__hover_enabled=\u00bboff\u00bb button_letter_spacing__hover_enabled=\u00bboff\u00bb button_one_letter_spacing__hover_enabled=\u00bboff\u00bb button_two_letter_spacing__hover_enabled=\u00bboff\u00bb button_bg_color__hover_enabled=\u00bboff\u00bb button_one_bg_color__hover_enabled=\u00bboff\u00bb button_two_bg_color__hover_enabled=\u00bboff\u00bb][\/et_pb_contact_field][et_pb_contact_field field_id=\u00bbCompany\u00bb field_title=\u00bbEmpresa\u00bb _builder_version=\u00bb4.22.1&#8243; _module_preset=\u00bbdefault\u00bb global_colors_info=\u00bb{}\u00bb][\/et_pb_contact_field][et_pb_contact_field field_id=\u00bbEmail\u00bb field_title=\u00bbEmail\u00bb field_type=\u00bbemail\u00bb _builder_version=\u00bb4.22.2&#8243; global_colors_info=\u00bb{}\u00bb button_text_size__hover_enabled=\u00bboff\u00bb button_one_text_size__hover_enabled=\u00bboff\u00bb button_two_text_size__hover_enabled=\u00bboff\u00bb button_text_color__hover_enabled=\u00bboff\u00bb button_one_text_color__hover_enabled=\u00bboff\u00bb button_two_text_color__hover_enabled=\u00bboff\u00bb button_border_width__hover_enabled=\u00bboff\u00bb button_one_border_width__hover_enabled=\u00bboff\u00bb button_two_border_width__hover_enabled=\u00bboff\u00bb button_border_color__hover_enabled=\u00bboff\u00bb button_one_border_color__hover_enabled=\u00bboff\u00bb button_two_border_color__hover_enabled=\u00bboff\u00bb button_border_radius__hover_enabled=\u00bboff\u00bb button_one_border_radius__hover_enabled=\u00bboff\u00bb button_two_border_radius__hover_enabled=\u00bboff\u00bb button_letter_spacing__hover_enabled=\u00bboff\u00bb button_one_letter_spacing__hover_enabled=\u00bboff\u00bb button_two_letter_spacing__hover_enabled=\u00bboff\u00bb button_bg_color__hover_enabled=\u00bboff\u00bb button_one_bg_color__hover_enabled=\u00bboff\u00bb button_two_bg_color__hover_enabled=\u00bboff\u00bb][\/et_pb_contact_field][et_pb_contact_field field_id=\u00bbPhone\u00bb field_title=\u00bbTel\u00e9fono\u00bb required_mark=\u00bboff\u00bb _builder_version=\u00bb4.22.1&#8243; _module_preset=\u00bbdefault\u00bb global_colors_info=\u00bb{}\u00bb][\/et_pb_contact_field][et_pb_contact_field field_id=\u00bbMessage\u00bb field_title=\u00bbMensaje\u00bb field_type=\u00bbtext\u00bb fullwidth_field=\u00bbon\u00bb _builder_version=\u00bb4.22.1&#8243; global_colors_info=\u00bb{}\u00bb button_text_size__hover_enabled=\u00bboff\u00bb button_one_text_size__hover_enabled=\u00bboff\u00bb button_two_text_size__hover_enabled=\u00bboff\u00bb button_text_color__hover_enabled=\u00bboff\u00bb button_one_text_color__hover_enabled=\u00bboff\u00bb button_two_text_color__hover_enabled=\u00bboff\u00bb button_border_width__hover_enabled=\u00bboff\u00bb button_one_border_width__hover_enabled=\u00bboff\u00bb button_two_border_width__hover_enabled=\u00bboff\u00bb button_border_color__hover_enabled=\u00bboff\u00bb button_one_border_color__hover_enabled=\u00bboff\u00bb button_two_border_color__hover_enabled=\u00bboff\u00bb button_border_radius__hover_enabled=\u00bboff\u00bb button_one_border_radius__hover_enabled=\u00bboff\u00bb button_two_border_radius__hover_enabled=\u00bboff\u00bb button_letter_spacing__hover_enabled=\u00bboff\u00bb button_one_letter_spacing__hover_enabled=\u00bboff\u00bb button_two_letter_spacing__hover_enabled=\u00bboff\u00bb button_bg_color__hover_enabled=\u00bboff\u00bb button_one_bg_color__hover_enabled=\u00bboff\u00bb button_two_bg_color__hover_enabled=\u00bboff\u00bb][\/et_pb_contact_field][\/et_pb_contact_form][\/et_pb_column][\/et_pb_row][et_pb_row _builder_version=\u00bb4.16&#8243; global_colors_info=\u00bb{}\u00bb][et_pb_column type=\u00bb4_4&#8243; _builder_version=\u00bb4.16&#8243; custom_padding=\u00bb|||\u00bb global_colors_info=\u00bb{}\u00bb custom_padding__hover=\u00bb|||\u00bb][et_pb_social_media_follow _builder_version=\u00bb4.22.2&#8243; text_orientation=\u00bbcenter\u00bb border_radii=\u00bbon|34px|34px|34px|34px\u00bb global_colors_info=\u00bb{}\u00bb][et_pb_social_media_follow_network social_network=\u00bblinkedin\u00bb url=\u00bbhttps:\/\/www.linkedin.com\/company\/nubemaestra\u00bb _builder_version=\u00bb4.22.2&#8243; background_color=\u00bb#fcb6ab\u00bb global_colors_info=\u00bb{}\u00bb follow_button=\u00bboff\u00bb url_new_window=\u00bbon\u00bb]linkedin[\/et_pb_social_media_follow_network][et_pb_social_media_follow_network social_network=\u00bbinstagram\u00bb url=\u00bbhttps:\/\/www.instagram.com\/nubemaestra\u00bb _builder_version=\u00bb4.22.2&#8243; background_color=\u00bb#fcb6ab\u00bb global_colors_info=\u00bb{}\u00bb follow_button=\u00bboff\u00bb url_new_window=\u00bbon\u00bb]instagram[\/et_pb_social_media_follow_network][et_pb_social_media_follow_network social_network=\u00bbyoutube\u00bb url=\u00bbhttps:\/\/www.youtube.com\/@NubeMaestra-yf4qg\u00bb _builder_version=\u00bb4.22.2&#8243; background_color=\u00bb#fcb6ab\u00bb global_colors_info=\u00bb{}\u00bb follow_button=\u00bboff\u00bb url_new_window=\u00bbon\u00bb]youtube[\/et_pb_social_media_follow_network][\/et_pb_social_media_follow][\/et_pb_column][\/et_pb_row][\/et_pb_section]<\/p>\n","protected":false},"excerpt":{"rendered":"<p>Blog Marketing Digital Explora las \u00faltimas tendencias y descubre estrategias clave para impulsar tu \u00e9xito digital. No dudes en contactarnos Tu \u00e9xito es nuestra misi\u00f3n. \u00a1Hablemos de tus objetivos!<\/p>","protected":false},"author":1,"featured_media":0,"parent":0,"menu_order":0,"comment_status":"closed","ping_status":"closed","template":"","meta":{"_et_pb_use_builder":"on","_et_pb_old_content":"","_et_gb_content_width":"","footnotes":""},"class_list":["post-223522","page","type-page","status-publish","hentry"],"yoast_head":"<!-- This site is optimized with the Yoast SEO plugin v25.6 - https:\/\/yoast.com\/wordpress\/plugins\/seo\/ -->\n<title>Blog NubeMaestra - NubeMaestra<\/title>\n<meta name=\"robots\" content=\"index, follow, max-snippet:-1, max-image-preview:large, max-video-preview:-1\" \/>\n<link rel=\"canonical\" href=\"https:\/\/nubemaestra.com\/fr\/blog-nubemaestra\/\" \/>\n<meta property=\"og:locale\" content=\"fr_FR\" \/>\n<meta property=\"og:type\" content=\"article\" \/>\n<meta property=\"og:title\" content=\"Blog NubeMaestra - NubeMaestra\" \/>\n<meta property=\"og:description\" content=\"Blog Marketing Digital Explora las \u00faltimas tendencias y descubre estrategias clave para impulsar tu \u00e9xito digital. No dudes en contactarnos Tu \u00e9xito es nuestra misi\u00f3n. \u00a1Hablemos de tus objetivos!\" \/>\n<meta property=\"og:url\" content=\"https:\/\/nubemaestra.com\/fr\/blog-nubemaestra\/\" \/>\n<meta property=\"og:site_name\" content=\"NubeMaestra\" \/>\n<meta property=\"article:modified_time\" content=\"2024-05-05T11:04:29+00:00\" \/>\n<meta name=\"twitter:card\" content=\"summary_large_image\" \/>\n<meta name=\"twitter:label1\" content=\"Est. reading time\" \/>\n\t<meta name=\"twitter:data1\" content=\"9 minutes\" \/>\n<script type=\"application\/ld+json\" class=\"yoast-schema-graph\">{\"@context\":\"https:\/\/schema.org\",\"@graph\":[{\"@type\":\"WebPage\",\"@id\":\"https:\/\/nubemaestra.com\/blog-nubemaestra\/\",\"url\":\"https:\/\/nubemaestra.com\/blog-nubemaestra\/\",\"name\":\"Blog NubeMaestra - NubeMaestra\",\"isPartOf\":{\"@id\":\"https:\/\/nubemaestra.com\/#website\"},\"datePublished\":\"2023-10-14T14:22:04+00:00\",\"dateModified\":\"2024-05-05T11:04:29+00:00\",\"breadcrumb\":{\"@id\":\"https:\/\/nubemaestra.com\/blog-nubemaestra\/#breadcrumb\"},\"inLanguage\":\"fr-FR\",\"potentialAction\":[{\"@type\":\"ReadAction\",\"target\":[\"https:\/\/nubemaestra.com\/blog-nubemaestra\/\"]}]},{\"@type\":\"BreadcrumbList\",\"@id\":\"https:\/\/nubemaestra.com\/blog-nubemaestra\/#breadcrumb\",\"itemListElement\":[{\"@type\":\"ListItem\",\"position\":1,\"name\":\"Portada\",\"item\":\"https:\/\/nubemaestra.com\/\"},{\"@type\":\"ListItem\",\"position\":2,\"name\":\"Blog NubeMaestra\"}]},{\"@type\":\"WebSite\",\"@id\":\"https:\/\/nubemaestra.com\/#website\",\"url\":\"https:\/\/nubemaestra.com\/\",\"name\":\"NubeMaestra\",\"description\":\"La agencia que te da el control\",\"publisher\":{\"@id\":\"https:\/\/nubemaestra.com\/#organization\"},\"potentialAction\":[{\"@type\":\"SearchAction\",\"target\":{\"@type\":\"EntryPoint\",\"urlTemplate\":\"https:\/\/nubemaestra.com\/?s={search_term_string}\"},\"query-input\":{\"@type\":\"PropertyValueSpecification\",\"valueRequired\":true,\"valueName\":\"search_term_string\"}}],\"inLanguage\":\"fr-FR\"},{\"@type\":\"Organization\",\"@id\":\"https:\/\/nubemaestra.com\/#organization\",\"name\":\"NubeMaestra\",\"url\":\"https:\/\/nubemaestra.com\/\",\"logo\":{\"@type\":\"ImageObject\",\"inLanguage\":\"fr-FR\",\"@id\":\"https:\/\/nubemaestra.com\/#\/schema\/logo\/image\/\",\"url\":\"https:\/\/nubemaestra.com\/wp-content\/uploads\/2024\/05\/NUBE6-1.png\",\"contentUrl\":\"https:\/\/nubemaestra.com\/wp-content\/uploads\/2024\/05\/NUBE6-1.png\",\"width\":2880,\"height\":803,\"caption\":\"NubeMaestra\"},\"image\":{\"@id\":\"https:\/\/nubemaestra.com\/#\/schema\/logo\/image\/\"}}]}<\/script>\n<!-- \/ Yoast SEO plugin. -->","yoast_head_json":{"title":"Blog NubeMaestra - NubeMaestra","robots":{"index":"index","follow":"follow","max-snippet":"max-snippet:-1","max-image-preview":"max-image-preview:large","max-video-preview":"max-video-preview:-1"},"canonical":"https:\/\/nubemaestra.com\/fr\/blog-nubemaestra\/","og_locale":"fr_FR","og_type":"article","og_title":"Blog NubeMaestra - NubeMaestra","og_description":"Blog Marketing Digital Explora las \u00faltimas tendencias y descubre estrategias clave para impulsar tu \u00e9xito digital. No dudes en contactarnos Tu \u00e9xito es nuestra misi\u00f3n. \u00a1Hablemos de tus objetivos!","og_url":"https:\/\/nubemaestra.com\/fr\/blog-nubemaestra\/","og_site_name":"NubeMaestra","article_modified_time":"2024-05-05T11:04:29+00:00","twitter_card":"summary_large_image","twitter_misc":{"Est. reading time":"9 minutes"},"schema":{"@context":"https:\/\/schema.org","@graph":[{"@type":"WebPage","@id":"https:\/\/nubemaestra.com\/blog-nubemaestra\/","url":"https:\/\/nubemaestra.com\/blog-nubemaestra\/","name":"Blog NubeMaestra - NubeMaestra","isPartOf":{"@id":"https:\/\/nubemaestra.com\/#website"},"datePublished":"2023-10-14T14:22:04+00:00","dateModified":"2024-05-05T11:04:29+00:00","breadcrumb":{"@id":"https:\/\/nubemaestra.com\/blog-nubemaestra\/#breadcrumb"},"inLanguage":"fr-FR","potentialAction":[{"@type":"ReadAction","target":["https:\/\/nubemaestra.com\/blog-nubemaestra\/"]}]},{"@type":"BreadcrumbList","@id":"https:\/\/nubemaestra.com\/blog-nubemaestra\/#breadcrumb","itemListElement":[{"@type":"ListItem","position":1,"name":"Portada","item":"https:\/\/nubemaestra.com\/"},{"@type":"ListItem","position":2,"name":"Blog NubeMaestra"}]},{"@type":"WebSite","@id":"https:\/\/nubemaestra.com\/#website","url":"https:\/\/nubemaestra.com\/","name":"NubeMaestra","description":"La agencia que te da el control","publisher":{"@id":"https:\/\/nubemaestra.com\/#organization"},"potentialAction":[{"@type":"SearchAction","target":{"@type":"EntryPoint","urlTemplate":"https:\/\/nubemaestra.com\/?s={search_term_string}"},"query-input":{"@type":"PropertyValueSpecification","valueRequired":true,"valueName":"search_term_string"}}],"inLanguage":"fr-FR"},{"@type":"Organization","@id":"https:\/\/nubemaestra.com\/#organization","name":"NubeMaestra","url":"https:\/\/nubemaestra.com\/","logo":{"@type":"ImageObject","inLanguage":"fr-FR","@id":"https:\/\/nubemaestra.com\/#\/schema\/logo\/image\/","url":"https:\/\/nubemaestra.com\/wp-content\/uploads\/2024\/05\/NUBE6-1.png","contentUrl":"https:\/\/nubemaestra.com\/wp-content\/uploads\/2024\/05\/NUBE6-1.png","width":2880,"height":803,"caption":"NubeMaestra"},"image":{"@id":"https:\/\/nubemaestra.com\/#\/schema\/logo\/image\/"}}]}},"_links":{"self":[{"href":"https:\/\/nubemaestra.com\/fr\/wp-json\/wp\/v2\/pages\/223522"}],"collection":[{"href":"https:\/\/nubemaestra.com\/fr\/wp-json\/wp\/v2\/pages"}],"about":[{"href":"https:\/\/nubemaestra.com\/fr\/wp-json\/wp\/v2\/types\/page"}],"author":[{"embeddable":true,"href":"https:\/\/nubemaestra.com\/fr\/wp-json\/wp\/v2\/users\/1"}],"replies":[{"embeddable":true,"href":"https:\/\/nubemaestra.com\/fr\/wp-json\/wp\/v2\/comments?post=223522"}],"version-history":[{"count":16,"href":"https:\/\/nubemaestra.com\/fr\/wp-json\/wp\/v2\/pages\/223522\/revisions"}],"predecessor-version":[{"id":987510425,"href":"https:\/\/nubemaestra.com\/fr\/wp-json\/wp\/v2\/pages\/223522\/revisions\/987510425"}],"wp:attachment":[{"href":"https:\/\/nubemaestra.com\/fr\/wp-json\/wp\/v2\/media?parent=223522"}],"curies":[{"name":"wp","href":"https:\/\/api.w.org\/{rel}","templated":true}]}}